{"id":87,"date":"2022-12-20T19:39:16","date_gmt":"2022-12-20T17:39:16","guid":{"rendered":"https:\/\/www.frush.fi\/?page_id=87"},"modified":"2025-12-15T18:52:08","modified_gmt":"2025-12-15T16:52:08","slug":"yhteistyossa","status":"publish","type":"page","link":"https:\/\/www.frush.fi\/en\/yhteistyossa\/","title":{"rendered":"Partners"},"content":{"rendered":"","protected":false},"excerpt":{"rendered":"","protected":false},"author":1,"featured_media":0,"parent":0,"menu_order":0,"comment_status":"closed","ping_status":"closed","template":"","meta":{"slim_seo":{"title":"Yhteisty\u00f6kumppanit ja j\u00e4rjest\u00e4j\u00e4t \u2013 FRUSH 2026","description":"Katso ketk\u00e4 mahdollistavat FRUSH-tapahtuman. Mukana j\u00e4rjest\u00e4m\u00e4ss\u00e4 Forssan Yrityskehitys sek\u00e4 laaja verkosto yhteisty\u00f6kumppaneita."},"footnotes":""},"class_list":["post-87","page","type-page","status-publish","hentry"],"_links":{"self":[{"href":"https:\/\/www.frush.fi\/en\/wp-json\/wp\/v2\/pages\/87","targetHints":{"allow":["GET"]}}],"collection":[{"href":"https:\/\/www.frush.fi\/en\/wp-json\/wp\/v2\/pages"}],"about":[{"href":"https:\/\/www.frush.fi\/en\/wp-json\/wp\/v2\/types\/page"}],"author":[{"embeddable":true,"href":"https:\/\/www.frush.fi\/en\/wp-json\/wp\/v2\/users\/1"}],"replies":[{"embeddable":true,"href":"https:\/\/www.frush.fi\/en\/wp-json\/wp\/v2\/comments?post=87"}],"version-history":[{"count":1,"href":"https:\/\/www.frush.fi\/en\/wp-json\/wp\/v2\/pages\/87\/revisions"}],"predecessor-version":[{"id":88,"href":"https:\/\/www.frush.fi\/en\/wp-json\/wp\/v2\/pages\/87\/revisions\/88"}],"wp:attachment":[{"href":"https:\/\/www.frush.fi\/en\/wp-json\/wp\/v2\/media?parent=87"}],"curies":[{"name":"wp","href":"https:\/\/api.w.org\/{rel}","templated":true}]}}