{"id":85,"date":"2022-12-20T19:38:56","date_gmt":"2022-12-20T17:38:56","guid":{"rendered":"https:\/\/www.frush.fi\/?page_id=85"},"modified":"2025-12-15T18:48:19","modified_gmt":"2025-12-15T16:48:19","slug":"vierailijoille","status":"publish","type":"page","link":"https:\/\/www.frush.fi\/en\/vierailijoille\/","title":{"rendered":"For visitors"},"content":{"rendered":"","protected":false},"excerpt":{"rendered":"","protected":false},"author":1,"featured_media":0,"parent":0,"menu_order":0,"comment_status":"closed","ping_status":"closed","template":"","meta":{"slim_seo":{"title":"Saapuminen ja k\u00e4yt\u00e4nn\u00f6n ohjeet \u2013 FRUSH 2026 Forssa","description":"N\u00e4in saavut Forssan Kehr\u00e4\u00e4m\u00f6alueelle. Tietoa pys\u00e4k\u00f6innist\u00e4, linja-autoyhteyksist\u00e4 sek\u00e4 alueen lounasravintoloista tapahtuman aikana."},"footnotes":""},"class_list":["post-85","page","type-page","status-publish","hentry"],"_links":{"self":[{"href":"https:\/\/www.frush.fi\/en\/wp-json\/wp\/v2\/pages\/85","targetHints":{"allow":["GET"]}}],"collection":[{"href":"https:\/\/www.frush.fi\/en\/wp-json\/wp\/v2\/pages"}],"about":[{"href":"https:\/\/www.frush.fi\/en\/wp-json\/wp\/v2\/types\/page"}],"author":[{"embeddable":true,"href":"https:\/\/www.frush.fi\/en\/wp-json\/wp\/v2\/users\/1"}],"replies":[{"embeddable":true,"href":"https:\/\/www.frush.fi\/en\/wp-json\/wp\/v2\/comments?post=85"}],"version-history":[{"count":1,"href":"https:\/\/www.frush.fi\/en\/wp-json\/wp\/v2\/pages\/85\/revisions"}],"predecessor-version":[{"id":86,"href":"https:\/\/www.frush.fi\/en\/wp-json\/wp\/v2\/pages\/85\/revisions\/86"}],"wp:attachment":[{"href":"https:\/\/www.frush.fi\/en\/wp-json\/wp\/v2\/media?parent=85"}],"curies":[{"name":"wp","href":"https:\/\/api.w.org\/{rel}","templated":true}]}}